{"id":2313,"date":"2019-02-07T18:01:33","date_gmt":"2019-02-07T17:01:33","guid":{"rendered":"https:\/\/www.bartmaes.eu\/nieuwsbrief\/"},"modified":"2019-10-17T14:06:55","modified_gmt":"2019-10-17T12:06:55","slug":"bulletin-dinformation","status":"publish","type":"page","link":"https:\/\/www.bartmaes.eu\/fr\/bulletin-dinformation\/","title":{"rendered":"Bulletin d&rsquo;information"},"content":{"rendered":"<p><div class=\"fusion-fullwidth fullwidth-box fusion-builder-row-1 nonhundred-percent-fullwidth non-hundred-percent-height-scrolling\" style=\"background-color: rgba(255,255,255,0);background-position: center center;background-repeat: no-repeat;padding-top:0px;padding-right:0px;padding-bottom:0px;padding-left:0px;margin-bottom: 0px;margin-top: 0px;border-width: 0px 0px 0px 0px;border-color:#eae9e9;border-style:solid;\" ><div class=\"fusion-builder-row fusion-row\"><div class=\"fusion-layout-column fusion_builder_column fusion-builder-column-0 fusion_builder_column_1_1 1_1 fusion-one-full fusion-column-first fusion-column-last\" style=\"margin-top:0px;margin-bottom:20px;\"><div class=\"fusion-column-wrapper fusion-flex-column-wrapper-legacy\" style=\"background-position:left top;background-repeat:no-repeat;-webkit-background-size:cover;-moz-background-size:cover;-o-background-size:cover;background-size:cover;padding: 0px 0px 0px 0px;\"><div class=\"fusion-text fusion-text-1\"><h2 style=\"text-align: left;\">Recevez le bulletin d&rsquo;information Freedom-of-Health dans votre bo\u00eete aux lettres:<\/h2>\n<p>Le bulletin d&rsquo;information Freedom-of-Health concerne votre sant\u00e9. Compl\u00e9t\u00e9 d&rsquo;informations et de conseils utiles. Alors inscrivez-vous maintenant \u00e0 notre newsletter, nous vous tiendrons au courant et ne raterons plus jamais rien. Vos donn\u00e9es seront stock\u00e9es en toute s\u00e9curit\u00e9 et peuvent \u00eatre d\u00e9sabonn\u00e9es \u00e0 tout moment.<\/p>\n<\/div><div class=\"fusion-clearfix\"><\/div><\/div><\/div><\/div><\/div><div class=\"fusion-fullwidth fullwidth-box fusion-builder-row-2 nonhundred-percent-fullwidth non-hundred-percent-height-scrolling\" style=\"background-color: rgba(255,255,255,0);background-position: center center;background-repeat: no-repeat;padding-top:0px;padding-right:0px;padding-bottom:0px;padding-left:0px;margin-bottom: 0px;margin-top: 0px;border-width: 0px 0px 0px 0px;border-color:#eae9e9;border-style:solid;\" ><div class=\"fusion-builder-row fusion-row\"><div class=\"fusion-layout-column fusion_builder_column fusion-builder-column-1 fusion_builder_column_1_2 1_2 fusion-one-half fusion-column-first\" style=\"width:50%;width:calc(50% - ( ( 4% ) * 0.5 ) );margin-right: 4%;margin-top:0px;margin-bottom:20px;\"><div class=\"fusion-column-wrapper fusion-flex-column-wrapper-legacy\" style=\"background-position:left top;background-repeat:no-repeat;-webkit-background-size:cover;-moz-background-size:cover;-o-background-size:cover;background-size:cover;padding: 0px 0px 0px 0px;\"><h3>Abonnez-vous \u00e0 notre newsletter<\/h3>\r\n<!-- Begin Mailchimp Signup Form -->\r\n<link href=\"\/\/cdn-images.mailchimp.com\/embedcode\/classic-10_7.css\" rel=\"stylesheet\" type=\"text\/css\">\r\n<style type=\"text\/css\">\r\n\t#mc_embed_signup{background:#fff; clear:left; font:16px 'Raleway',sans-serif; }\r\n<\/style>\r\n<style type=\"text\/css\">\r\n\t#mc-embedded-subscribe-form input[type=checkbox]{display: inline; width: auto;margin-right: 10px;}\r\n\t#mergeRow-gdpr {margin-top: 20px;}\r\n\t#mergeRow-gdpr fieldset label {font-weight: normal;}\r\n\t#mc-embedded-subscribe-form .mc_fieldset{border:none;min-height: 0px;padding-bottom:0px;}\r\n<\/style>\r\n<div id=\"mc_embed_signup\">\r\n<form action=\"https:\/\/freedomofhealth.us20.list-manage.com\/subscribe\/post?u=b51af0bd35cb851b51ec2220e&id=1f3f895026\" method=\"post\" id=\"mc-embedded-subscribe-form\" name=\"mc-embedded-subscribe-form\" class=\"validate\" target=\"_blank\" novalidate>\r\n    <div id=\"mc_embed_signup_scroll\">\r\n<div class=\"indicates-required\"><span class=\"asterisk\">*<\/span> Champs obligatoires<\/div>\r\n<div class=\"mc-field-group\">\r\n\t<label for=\"mce-EMAIL\">Adresse e-mail <span class=\"asterisk\">*<\/span>\r\n<\/label>\r\n\t<input type=\"email\" value=\"\" name=\"EMAIL\" class=\"required email\" id=\"mce-EMAIL\">\r\n<\/div>\r\n<div class=\"mc-field-group\">\r\n\t<label for=\"mce-FNAME\">Pr\u00e9nom <\/label>\r\n\t<input type=\"text\" value=\"\" name=\"FNAME\" class=\"\" id=\"mce-FNAME\">\r\n<\/div>\r\n<div class=\"mc-field-group\">\r\n\t<label for=\"mce-LNAME\">Nom de famille <\/label>\r\n\t<input type=\"text\" value=\"\" name=\"LNAME\" class=\"\" id=\"mce-LNAME\">\r\n<\/div>\r\n<div id=\"mergeRow-gdpr\" class=\"mergeRow gdpr-mergeRow content__gdprBlock mc-field-group\">\r\n    <div class=\"content__gdpr\">\r\n        <p><b>Freedom Of Health utilise uniquement les informations ci-dessus pour l'envoi de newsletters.<\/b><\/p>\r\n        <p>Vous pouvez vous d\u00e9sabonner \u00e0 tout moment en cliquant sur le lien dans le pied de page de nos mailings. Pour plus d'informations sur notre politique de confidentialit\u00e9, visitez notre site Web.<\/p>\r\n       <h4>Permission<\/h4>\r\n        <fieldset class=\"mc_fieldset gdprRequired mc-field-group\" name=\"interestgroup_field\">\r\n\t\t<label class=\"checkbox subfield\" for=\"gdpr_3485\"><input type=\"checkbox\" id=\"gdpr_3485\" name=\"gdpr[3485]\" value=\"Y\" class=\"av-checkbox gdpr\"><span>J'accepte de traiter mes donn\u00e9es dans le but de recevoir des newsletters de Freedom Of Health<\/span><\/label>\r\n        <\/fieldset>\r\n    <\/div>\r\n    <div class=\"content__gdprLegal\">\r\n \t\t<p>Nous utilisons Mailchimp comme plate-forme de marketing. En cliquant ci-dessous pour vous abonner, vous reconnaissez que vos donn\u00e9es seront transf\u00e9r\u00e9es \u00e0 Mailchimp pour traitement. <a href=\"https:\/\/mailchimp.com\/legal\/\" target=\"_blank\"> Plus d'informations sur la politique de confidentialit\u00e9 de Mailchimp peuvent \u00eatre trouv\u00e9es ici. <\/a> <\/p>    <\/div>\r\n<\/div>\r\n\t<div id=\"mce-responses\" class=\"clear\">\r\n\t\t<div class=\"response\" id=\"mce-error-response\" style=\"display:none\"><\/div>\r\n\t\t<div class=\"response\" id=\"mce-success-response\" style=\"display:none\"><\/div>\r\n\t<\/div>    <!-- real people should not fill this in and expect good things - do not remove this or risk form bot signups-->\r\n    <div style=\"position: absolute; left: -5000px;\" aria-hidden=\"true\"><input type=\"text\" name=\"b_b51af0bd35cb851b51ec2220e_1f3f895026\" tabindex=\"-1\" value=\"\"><\/div>\r\n    <div class=\"clear\"><input type=\"submit\" value=\"S'inscrire\" name=\"subscribe\" id=\"mc-embedded-subscribe\" class=\"button\"><\/div>\r\n    <\/div>\r\n<\/form>\r\n<\/div>\r\n\r\n<!--End mc_embed_signup--><div class=\"fusion-clearfix\"><\/div><\/div><\/div><div class=\"fusion-layout-column fusion_builder_column fusion-builder-column-2 fusion_builder_column_1_2 1_2 fusion-one-half fusion-column-last\" style=\"width:50%;width:calc(50% - ( ( 4% ) * 0.5 ) );margin-top:0px;margin-bottom:20px;\"><div class=\"fusion-column-wrapper fusion-flex-column-wrapper-legacy\" style=\"background-position:left top;background-repeat:no-repeat;-webkit-background-size:cover;-moz-background-size:cover;-o-background-size:cover;background-size:cover;padding: 0px 0px 0px 0px;\"><h3>Newsletters d\u00e9j\u00e0 publi\u00e9es:<\/h3><style type=\"text\/css\">\r\n<!--\r\n.display_archive {font-family: 'Raleway'; font-size: 16px;}\r\n.campaign {line-height: 125%; margin: 5px;}\r\n\/\/-->\r\n<\/style>\r\n<script language=\"javascript\" src=\"\/\/freedomofhealth.us20.list-manage.com\/generate-js\/?u=b51af0bd35cb851b51ec2220e&fid=581&show=10\" type=\"text\/javascript\"><\/script><div class=\"fusion-clearfix\"><\/div><\/div><\/div><\/div><\/div><\/p>\n","protected":false},"excerpt":{"rendered":"","protected":false},"author":5,"featured_media":0,"parent":0,"menu_order":0,"comment_status":"closed","ping_status":"closed","template":"","meta":{"footnotes":""},"yoast_head":"<!-- This site is optimized with the Yoast SEO plugin v19.13 - https:\/\/yoast.com\/wordpress\/plugins\/seo\/ -->\n<title>Inscrivez-vous \u00e0 la Bulletin d&#039;information - Bart Maes<\/title>\n<meta name=\"description\" content=\"Recevez le bulletin d&#039;information Freedom-of-Health dans votre bo\u00eete aux lettres. Le bulletin d&#039;information Freedom-of-Health concerne votre sant\u00e9. Compl\u00e9t\u00e9 d&#039;informations et de conseils utiles.\" \/>\n<meta name=\"robots\" content=\"index, follow, max-snippet:-1, max-image-preview:large, max-video-preview:-1\" \/>\n<link rel=\"canonical\" href=\"https:\/\/www.bartmaes.eu\/fr\/bulletin-dinformation\/\" \/>\n<meta property=\"og:locale\" content=\"fr_FR\" \/>\n<meta property=\"og:type\" content=\"article\" \/>\n<meta property=\"og:title\" content=\"Inscrivez-vous \u00e0 la Bulletin d&#039;information - Bart Maes\" \/>\n<meta property=\"og:description\" content=\"Recevez le bulletin d&#039;information Freedom-of-Health dans votre bo\u00eete aux lettres. Le bulletin d&#039;information Freedom-of-Health concerne votre sant\u00e9. Compl\u00e9t\u00e9 d&#039;informations et de conseils utiles.\" \/>\n<meta property=\"og:url\" content=\"https:\/\/www.bartmaes.eu\/fr\/bulletin-dinformation\/\" \/>\n<meta property=\"og:site_name\" content=\"Bart Maes\" \/>\n<meta property=\"article:modified_time\" content=\"2019-10-17T12:06:55+00:00\" \/>\n<meta name=\"twitter:card\" content=\"summary_large_image\" \/>\n<script type=\"application\/ld+json\" class=\"yoast-schema-graph\">{\"@context\":\"https:\/\/schema.org\",\"@graph\":[{\"@type\":\"WebPage\",\"@id\":\"https:\/\/www.bartmaes.eu\/fr\/bulletin-dinformation\/\",\"url\":\"https:\/\/www.bartmaes.eu\/fr\/bulletin-dinformation\/\",\"name\":\"Inscrivez-vous \u00e0 la Bulletin d'information - Bart Maes\",\"isPartOf\":{\"@id\":\"https:\/\/www.bartmaes.eu\/fr\/#website\"},\"datePublished\":\"2019-02-07T17:01:33+00:00\",\"dateModified\":\"2019-10-17T12:06:55+00:00\",\"description\":\"Recevez le bulletin d'information Freedom-of-Health dans votre bo\u00eete aux lettres. Le bulletin d'information Freedom-of-Health concerne votre sant\u00e9. Compl\u00e9t\u00e9 d'informations et de conseils utiles.\",\"breadcrumb\":{\"@id\":\"https:\/\/www.bartmaes.eu\/fr\/bulletin-dinformation\/#breadcrumb\"},\"inLanguage\":\"fr-FR\",\"potentialAction\":[{\"@type\":\"ReadAction\",\"target\":[\"https:\/\/www.bartmaes.eu\/fr\/bulletin-dinformation\/\"]}]},{\"@type\":\"BreadcrumbList\",\"@id\":\"https:\/\/www.bartmaes.eu\/fr\/bulletin-dinformation\/#breadcrumb\",\"itemListElement\":[{\"@type\":\"ListItem\",\"position\":1,\"name\":\"Home\",\"item\":\"https:\/\/www.bartmaes.eu\/fr\/\"},{\"@type\":\"ListItem\",\"position\":2,\"name\":\"Bulletin d&rsquo;information\"}]},{\"@type\":\"WebSite\",\"@id\":\"https:\/\/www.bartmaes.eu\/fr\/#website\",\"url\":\"https:\/\/www.bartmaes.eu\/fr\/\",\"name\":\"Bart Maes\",\"description\":\"Freedom of Health\",\"publisher\":{\"@id\":\"https:\/\/www.bartmaes.eu\/fr\/#\/schema\/person\/494aac885bbf4cdfe56659fdabd4e59a\"},\"potentialAction\":[{\"@type\":\"SearchAction\",\"target\":{\"@type\":\"EntryPoint\",\"urlTemplate\":\"https:\/\/www.bartmaes.eu\/fr\/?s={search_term_string}\"},\"query-input\":\"required name=search_term_string\"}],\"inLanguage\":\"fr-FR\"},{\"@type\":[\"Person\",\"Organization\"],\"@id\":\"https:\/\/www.bartmaes.eu\/fr\/#\/schema\/person\/494aac885bbf4cdfe56659fdabd4e59a\",\"name\":\"Bart Maes\",\"image\":{\"@type\":\"ImageObject\",\"inLanguage\":\"fr-FR\",\"@id\":\"https:\/\/www.bartmaes.eu\/fr\/#\/schema\/person\/image\/\",\"url\":\"https:\/\/www.bartmaes.eu\/wp-content\/uploads\/2020\/09\/Bart-Maes-is-de-Bio-Veggie-Man.png\",\"contentUrl\":\"https:\/\/www.bartmaes.eu\/wp-content\/uploads\/2020\/09\/Bart-Maes-is-de-Bio-Veggie-Man.png\",\"width\":600,\"height\":800,\"caption\":\"Bart Maes\"},\"logo\":{\"@id\":\"https:\/\/www.bartmaes.eu\/fr\/#\/schema\/person\/image\/\"}}]}<\/script>\n<!-- \/ Yoast SEO plugin. -->","yoast_head_json":{"title":"Inscrivez-vous \u00e0 la Bulletin d'information - Bart Maes","description":"Recevez le bulletin d'information Freedom-of-Health dans votre bo\u00eete aux lettres. Le bulletin d'information Freedom-of-Health concerne votre sant\u00e9. Compl\u00e9t\u00e9 d'informations et de conseils utiles.","robots":{"index":"index","follow":"follow","max-snippet":"max-snippet:-1","max-image-preview":"max-image-preview:large","max-video-preview":"max-video-preview:-1"},"canonical":"https:\/\/www.bartmaes.eu\/fr\/bulletin-dinformation\/","og_locale":"fr_FR","og_type":"article","og_title":"Inscrivez-vous \u00e0 la Bulletin d'information - Bart Maes","og_description":"Recevez le bulletin d'information Freedom-of-Health dans votre bo\u00eete aux lettres. Le bulletin d'information Freedom-of-Health concerne votre sant\u00e9. Compl\u00e9t\u00e9 d'informations et de conseils utiles.","og_url":"https:\/\/www.bartmaes.eu\/fr\/bulletin-dinformation\/","og_site_name":"Bart Maes","article_modified_time":"2019-10-17T12:06:55+00:00","twitter_card":"summary_large_image","schema":{"@context":"https:\/\/schema.org","@graph":[{"@type":"WebPage","@id":"https:\/\/www.bartmaes.eu\/fr\/bulletin-dinformation\/","url":"https:\/\/www.bartmaes.eu\/fr\/bulletin-dinformation\/","name":"Inscrivez-vous \u00e0 la Bulletin d'information - Bart Maes","isPartOf":{"@id":"https:\/\/www.bartmaes.eu\/fr\/#website"},"datePublished":"2019-02-07T17:01:33+00:00","dateModified":"2019-10-17T12:06:55+00:00","description":"Recevez le bulletin d'information Freedom-of-Health dans votre bo\u00eete aux lettres. Le bulletin d'information Freedom-of-Health concerne votre sant\u00e9. Compl\u00e9t\u00e9 d'informations et de conseils utiles.","breadcrumb":{"@id":"https:\/\/www.bartmaes.eu\/fr\/bulletin-dinformation\/#breadcrumb"},"inLanguage":"fr-FR","potentialAction":[{"@type":"ReadAction","target":["https:\/\/www.bartmaes.eu\/fr\/bulletin-dinformation\/"]}]},{"@type":"BreadcrumbList","@id":"https:\/\/www.bartmaes.eu\/fr\/bulletin-dinformation\/#breadcrumb","itemListElement":[{"@type":"ListItem","position":1,"name":"Home","item":"https:\/\/www.bartmaes.eu\/fr\/"},{"@type":"ListItem","position":2,"name":"Bulletin d&rsquo;information"}]},{"@type":"WebSite","@id":"https:\/\/www.bartmaes.eu\/fr\/#website","url":"https:\/\/www.bartmaes.eu\/fr\/","name":"Bart Maes","description":"Freedom of Health","publisher":{"@id":"https:\/\/www.bartmaes.eu\/fr\/#\/schema\/person\/494aac885bbf4cdfe56659fdabd4e59a"},"potentialAction":[{"@type":"SearchAction","target":{"@type":"EntryPoint","urlTemplate":"https:\/\/www.bartmaes.eu\/fr\/?s={search_term_string}"},"query-input":"required name=search_term_string"}],"inLanguage":"fr-FR"},{"@type":["Person","Organization"],"@id":"https:\/\/www.bartmaes.eu\/fr\/#\/schema\/person\/494aac885bbf4cdfe56659fdabd4e59a","name":"Bart Maes","image":{"@type":"ImageObject","inLanguage":"fr-FR","@id":"https:\/\/www.bartmaes.eu\/fr\/#\/schema\/person\/image\/","url":"https:\/\/www.bartmaes.eu\/wp-content\/uploads\/2020\/09\/Bart-Maes-is-de-Bio-Veggie-Man.png","contentUrl":"https:\/\/www.bartmaes.eu\/wp-content\/uploads\/2020\/09\/Bart-Maes-is-de-Bio-Veggie-Man.png","width":600,"height":800,"caption":"Bart Maes"},"logo":{"@id":"https:\/\/www.bartmaes.eu\/fr\/#\/schema\/person\/image\/"}}]}},"_links":{"self":[{"href":"https:\/\/www.bartmaes.eu\/fr\/wp-json\/wp\/v2\/pages\/2313"}],"collection":[{"href":"https:\/\/www.bartmaes.eu\/fr\/wp-json\/wp\/v2\/pages"}],"about":[{"href":"https:\/\/www.bartmaes.eu\/fr\/wp-json\/wp\/v2\/types\/page"}],"author":[{"embeddable":true,"href":"https:\/\/www.bartmaes.eu\/fr\/wp-json\/wp\/v2\/users\/5"}],"replies":[{"embeddable":true,"href":"https:\/\/www.bartmaes.eu\/fr\/wp-json\/wp\/v2\/comments?post=2313"}],"version-history":[{"count":0,"href":"https:\/\/www.bartmaes.eu\/fr\/wp-json\/wp\/v2\/pages\/2313\/revisions"}],"wp:attachment":[{"href":"https:\/\/www.bartmaes.eu\/fr\/wp-json\/wp\/v2\/media?parent=2313"}],"curies":[{"name":"wp","href":"https:\/\/api.w.org\/{rel}","templated":true}]}}