{"id":1270,"date":"2018-05-28T15:45:00","date_gmt":"2018-05-28T13:45:00","guid":{"rendered":"https:\/\/www.bartmaes.eu\/?page_id=1270"},"modified":"2020-04-22T09:19:37","modified_gmt":"2020-04-22T07:19:37","slug":"privacy-policy","status":"publish","type":"page","link":"https:\/\/www.bartmaes.eu\/fr\/privacy-policy\/","title":{"rendered":"Privacy policy"},"content":{"rendered":"<div class=\"fusion-fullwidth fullwidth-box fusion-builder-row-1 nonhundred-percent-fullwidth non-hundred-percent-height-scrolling\" style=\"background-color: rgba(255,255,255,0);background-position: center center;background-repeat: no-repeat;padding-top:0px;padding-right:0px;padding-bottom:0px;padding-left:0px;margin-bottom: 0px;margin-top: 0px;border-width: 0px 0px 0px 0px;border-color:#eae9e9;border-style:solid;\" ><div class=\"fusion-builder-row fusion-row\"><div class=\"fusion-layout-column fusion_builder_column fusion-builder-column-0 fusion_builder_column_1_1 1_1 fusion-one-full fusion-column-first fusion-column-last\" style=\"margin-top:0px;margin-bottom:0px;\"><div class=\"fusion-column-wrapper fusion-flex-column-wrapper-legacy\" style=\"background-position:left top;background-repeat:no-repeat;-webkit-background-size:cover;-moz-background-size:cover;-o-background-size:cover;background-size:cover;padding: 0px 0px 0px 0px;\"><div class=\"fusion-text fusion-text-1\"><h1 data-fontsize=\"35\" data-lineheight=\"49\"><strong>Disclaimer<\/strong><\/h1>\n<h3 data-fontsize=\"23\" data-lineheight=\"34\"><strong>1. Medical Information<\/strong><\/h3>\n<p>Any material published on FreedomofHealth.eu, such as text, graphics, images obtained from the licensors of Bart Maes and all other material are for informational purposes only.<\/p>\n<p>The content published on Bart Maes is not intended as a replacement for professional medical advice, diagnosis or treatment. The information on this website is general in nature and is in no way intended as personal advice.<\/p>\n<p>If you think you are having a medical emergency contact your doctor immediately or contact the emergency services (in the EU call 112). Bart Maes does not recommend specific tests, doctors, products, procedures, opinions or other information mentioned on this website.<\/p>\n<ol start=\"2\">\n<li><strong>Content and its accuracy<\/strong><\/li>\n<\/ol>\n<p>The information on Bart Maes is written by Bart Maes with great enthusiasm and the greatest possible care. Unfortunately, inaccuracies and incompleteness cannot be ruled out. Bart Maes accepts no responsibility whatsoever for possible inaccuracies, nor for any direct or indirect damage that may be incurred as a result of visiting this website and \/ or the use of the information on this website, in any form whatsoever.<\/p>\n<p>The information on this website is regularly updated. Bart Maes reserves the right to make any changes with immediate effect and without notice.<\/p>\n<p>It is possible that Bart Maes provides links to other internet sites that may be interesting or informative for our visitors. Bart Maes is not responsible for the content of the referred website or any damages caused by third party or external content.<\/p>\n<p>Bart Maes Privacy Policy<\/p>\n<p><strong>Welcome to Bart Maes, a blog about health.<\/strong><\/p>\n<p>Last updated: <em>17<\/em><em>\/10\/2019<\/em><\/p>\n<p>This privacy policy describes how we and companies we work with collect, use, share and protect data relating to our website. Here, we would also like to give you a clear overview of your rights with regards to the collection and use of your personal data. We comply with the requirements set by European privacy laws (General Data Protection Regulation). This means, amongst other things, that:<\/p>\n<ul>\n<li>We\u00a0<strong>clearly state which personal data<\/strong>\u00a0we process and for what purposes. We do this through this privacy policy;<\/li>\n<li>We\u00a0<strong>restrict ourselves in the collection of personal data,\u00a0<\/strong>processing only data that is required for legitimate purposes;<\/li>\n<li>We\u00a0<strong>always ask you for permission first<\/strong>\u00a0to process your data whenever required;<\/li>\n<li>We take the\u00a0<strong>necessary security measures<\/strong>\u00a0to ensure that your data is protected properly. We demand the same level of security from our partners;<\/li>\n<li>We respect your right to\u00a0<strong>inspect, correct or delete<\/strong>\u00a0your personal data.<\/li>\n<\/ul>\n<p>Bart Maes respects the privacy of its visitors and customers and ensures that all your data is handled with the utmost care. If you still have questions after reading this privacy policy, don\u2019t hesitate to contact us at info@bartmaes.eu<\/p>\n<ol>\n<li><strong>What Data Do We Collect?<\/strong><\/li>\n<\/ol>\n<p>Bart Maes can process your personal data when you use our services and\/or when you provide this information to us. Below you can find an overview of the personal data we process.<\/p>\n<p><strong><em>Data you provide us with:<\/em><\/strong><\/p>\n<ul>\n<li>First and last name<\/li>\n<li>E-mail address<\/li>\n<\/ul>\n<p><strong><em>Data collected through cookies:<\/em><\/strong><\/p>\n<ul>\n<li>Gender<\/li>\n<li>Age category<\/li>\n<li>IP address (made anonymous)<\/li>\n<li>Location data<\/li>\n<li>Internet browser and type of device<\/li>\n<\/ul>\n<p>Not all the above mentioned data is always collected. This depends on which service you use or subscribe to.<\/p>\n<ol start=\"2\">\n<li><strong>What Do We Use Your Data For?<\/strong><\/li>\n<\/ol>\n<p>Bart Maes processes your personal data to carry out our agreements with you.<\/p>\n<p>Bart Maes will make use of your personal data, including your name and e-mail address, when necessary to carry out our services. We do this to offer you the very best user experience. We only have access to this data when you yourself contact us by mail, our contact form or another similar method and provide us with the above mentioned data (name &amp; e-mail address).<\/p>\n<ol start=\"3\">\n<li><strong>Cookies or Similar Technology<\/strong><\/li>\n<\/ol>\n<p>Our website uses cookies for functional and statistical purposes.<\/p>\n<p><strong>3.1 What are cookies<\/strong><\/p>\n<p>A cookie is a small text file that is stored on your computer, tablet or smartphone when you first visit a website. Cookies enable us to collect anonymous information about the use of our services and to improve and adapt these to the wishes of our visitors.<\/p>\n<p><strong>3.2 The cookies we use<\/strong><\/p>\n<p>Bart Maes uses technical and functional cookies. We also make use of analytical cookies that do not invade your privacy. The cookies we use are necessary for the technical functions of the website and to make it user-friendly. With the help of cookies, we are also able to optimize our website for our visitors.<\/p>\n<p><strong><em>Functional and technical cookies:<br \/>\n<\/em><\/strong>These cookies ensure that our website and services function properly and remember your preferences. Think of language preferences, shopping carts, etc. These cookies are not used to identify individual users or visitors.<\/p>\n<p><strong><em>Analytical cookies:<br \/>\n<\/em><\/strong>Bart Maes uses Google Analytics to gain insight into how our visitors use our website. Google Analytics collects information about, amongst other things, how our website and services are being used, how much time is spent on our website or certain pages and with which type of device the website is visited.<\/p>\n<p>Analytics collects the following data:<\/p>\n<p><strong><em>Target Audience<\/em><\/strong><strong>:<\/strong><\/p>\n<ul>\n<li>Demographic\n<ul>\n<li>Age category<\/li>\n<li>Gender<\/li>\n<\/ul>\n<\/li>\n<li>Interests\n<ul>\n<li>Affinity categories<\/li>\n<li>Market segments<\/li>\n<\/ul>\n<\/li>\n<li>Geographic\n<ul>\n<li>Language<\/li>\n<li>Location (general)<\/li>\n<\/ul>\n<\/li>\n<li>Behaviour\n<ul>\n<li>New \/ returning visitors<\/li>\n<li>Frequency and history<\/li>\n<li>Engagement<\/li>\n<\/ul>\n<\/li>\n<li>Technology\n<ul>\n<li>Browser and operating system<\/li>\n<li>Network<\/li>\n<\/ul>\n<\/li>\n<li>Mobile\n<ul>\n<li>Devices<\/li>\n<\/ul>\n<\/li>\n<li>Benchmarking\n<ul>\n<li>Channels<\/li>\n<li>Location<\/li>\n<li>Devices<\/li>\n<\/ul>\n<\/li>\n<li>User flow<\/li>\n<\/ul>\n<p><strong><em>Acquisition:<\/em><\/strong><\/p>\n<ul>\n<li>All traffic\n<ul>\n<li>Channels<\/li>\n<li>Tree diagrams<\/li>\n<li>Source<\/li>\n<li>References<\/li>\n<\/ul>\n<\/li>\n<li>AdWords\n<ul>\n<li>Campaigns<\/li>\n<li>Tree diagrams<\/li>\n<li>Site links<\/li>\n<li>Bid adjustments<\/li>\n<li>Keywords<\/li>\n<li>Searches<\/li>\n<li>Hour of the day<\/li>\n<li>Final URLS<\/li>\n<li>Shopping campaigns<\/li>\n<\/ul>\n<\/li>\n<li>Search console\n<ul>\n<li>Landing pages<\/li>\n<li>Countries<\/li>\n<li>Devices<\/li>\n<li>Searches<\/li>\n<\/ul>\n<\/li>\n<li>Social\n<ul>\n<li>Network references<\/li>\n<li>Landing pages<\/li>\n<li>Conversions<\/li>\n<li>Plug-ins<\/li>\n<li>User flow<\/li>\n<li>Behaviour<\/li>\n<li>Behaviour flow<\/li>\n<li>Site content<\/li>\n<\/ul>\n<\/li>\n<\/ul>\n<p>We have signed a Data Protection Agreement with Google to ensure that our data is protected properly. The above mentioned data is not linked to a natural person. We use Google Analytics with the aim of offering our visitors the best possible user experience.<\/p>\n<p><strong>3.3 how to disable cookies<\/strong><\/p>\n<p>If you do not want websites to store cookies on your computer, tablet or mobile device, you can disable them via your browser. Keep in mind that our website may no long work properly when you disable cookies.<\/p>\n<p><strong><em>Remove cookies in Microsoft Edge:<\/em><\/strong><\/p>\n<p>Click on the Menu icon (icon with 3 lines) on the top right hand-side. Click on the clock icon, this is the tab \u2018History\u2019. Click on \u2018Erase all history\u2019. Now you can indicate exactly what you want to delete. Check \u2018Cookies and store website data\u2019 and click on \u2018Delete\u2019. At the bottom you can indicate whether you always want to delete this data when you close Microsoft Edge.<\/p>\n<p><strong><em>Remove cookies in Chrome:<\/em><\/strong><\/p>\n<p>Click on the icon with 3 dots at the top right. Click on \u2018Settings\u2019&gt; \u2018History\u2019 &gt; \u2018Clear browsing data\u2019. Make sure you check \u2018Delete cookies and other site data\u2019. You can also choose the time range for the data you are about to delete. Select \u2018all time\u2019.<\/p>\n<p><strong><em>Remove cookies in Firefox:<\/em><\/strong><\/p>\n<p>Click on the icon with 3 lines at the top right. Go to \u2018Options\u2019&gt; \u2018Privacy\u2019. Click \u2018Clear your recent history.\u201d Under \u2018Details\u2019 you can indicate exactly what you want to delete. Be sure to check \u2018Cookies\u2019. You can also indicate the time range (how far back in history you want to delete). Select \u2018all\u2019 here.<\/p>\n<p><strong><em>Remove cookies in Safari:<\/em><\/strong><\/p>\n<p>Click on \u2018Safari\u2019 at the top left of the menu bar &gt; \u2018Preferences\u2019. At the top, choose the tab \u2018Privacy\u2019. Next, click on \u2018Remove all website data\u2019.<\/p>\n<p><strong><em>Remove cookies in Internet Explorer:<\/em><\/strong><\/p>\n<p>Click on the icon of a gear at the top right. Go to the \u201aSecurity\u2018 menu&gt; \u201aDelete browsing history\u2018. Now you can indicate exactly what you want to delete. In any case, tick \u201aCookies and website data\u2018. Click on \u201aDelete\u2018 at the bottom of the window.<\/p>\n<ol start=\"4\">\n<li><strong>How Long Do We Store Data?<\/strong><\/li>\n<\/ol>\n<p>The above mentioned personal data is stored for as long as necessary to carry out our service and 5 years for statistical purposes. After this period, the data will be deleted, unless we have a legal obligation to store the data for a longer period of time (such as the fiscal obligation to store payment data for 7 years).<\/p>\n<ol start=\"5\">\n<li><strong>Sharing Your Data<\/strong><\/li>\n<\/ol>\n<p><strong>5.1 With who do we share your data?<\/strong><\/p>\n<p>Bart Maes does\u00a0<strong><u>not\u00a0<\/u><\/strong>sell your data to third parties and will only share this information when necessary to carry out our agreements with you or to comply with legal obligations. We always have General Data Protection agreements with our partners or third parties who process your data at our request. This is to ensure the same level of security and confidentiality. Bart Maes remains responsible for the processing of this data.<\/p>\n<p><strong>5.2 THIRD PArty websites<\/strong><\/p>\n<p>This privacy policy is not applicable when a third party, such as a blog or news website, is connected to our website by means of a link. Bart Maes cannot guarantee that these third parties handle your data in a reliable manner. We encourage you to read the privacy policy of these websites before using them.<\/p>\n<ol start=\"6\">\n<li><strong>Privacy of Children<\/strong><\/li>\n<\/ol>\n<p>Bart Maes does not consciously collect nor does it intend to collect data from website visitors younger than 13 years, unless we have permission from a parent or guardian. If we discover that we have unintentionally collected personal data of a child under the age of 13 without the consent of a parent or guardian, we will delete this information as soon as possible. If you are convinced that we have data of a minor without parental consent, please contact us at\u00a0<a href=\"mailto:bart.maes@bartmaes.tk\">info@bartmaes.eu<\/a>. To prevent the collection of children\u2019s data without parental consent we encourage parents to be involved in the online activities of their children.<\/p>\n<ol start=\"7\">\n<li><strong>Your Rights Regarding Your Data<\/strong><\/li>\n<\/ol>\n<p>You have the right to view, correct or delete your personal data.<\/p>\n<p><strong>7.1 VIEWING AND CORRECTING YOUR DATA<\/strong><\/p>\n<p>You can send a request for access, correction or data transfer of your personal data to\u00a0<a href=\"mailto:gdpr@amanprana.eu\">info@bartmaes.eu<\/a>. You have the right withdraw your consent to data processing or to object to the processing of your personal data by Bart Maes and you have the right to data portability. This means you can submit a request for us to send all the data we have of you. We will send this to you in a computer file.<\/p>\n<p>To ensure that the request for access, correction or data transfer is submitted by you, we ask you to send a copy your ID alongside the request. Cover your passport photo, MRZ (machine readable zone, the strip with the numbers at the bottom of the passport), passport number and citizen\u2019s number. (You can do this with the use of an app, for example.) This is to protect your privacy.<\/p>\n<p>When you send a request to us, we will forward and\/or adjust your personal data and\/or permission without undue delay.<\/p>\n<p><strong>7.2 You have the \u2018right to be forgotten\u2019<\/strong><\/p>\n<p>We don\u2019t like forgetting you, but the European General Data Protection Regulation (GDPR) grants everyone the \u2018right to be forgotten\u2019. This means that you have the right to ask us to delete all your data (provided that Bart Maes has no other legal obligation to store your data for a longer period of time, such as fiscal laws requiring us to store payment data for 7 years).<\/p>\n<p>If you want to have your all data erased from our systems, please contact us via\u00a0<a href=\"mailto:gdpr@amanprana.eu\">info@bartmaes.eu<\/a>.<\/p>\n<p>To ensure that the request for deletion is submitted by you, we ask you to send a copy your ID alongside the request. Cover your passport photo, MRZ (machine readable zone, the strip with the numbers at the bottom of the passport), passport number and citizen\u2019s number. (You can do this with the use of an app, for example.) This is to protect your privacy.<\/p>\n<p>As soon as we have received this information, we will erase your data without undue delay from all our systems.<\/p>\n<p><strong>7.3 Supervisory authority of personal data<\/strong><\/p>\n<p>We are always ready to help if you have a complaint about how we process your personal data. We would also like to point out that under EU privacy law you have the right to file a complaint with your national supervisory or government body dealing privacy of personal data. More info about this can be found on\u00a0<a href=\"http:\/\/ec.europa.eu\/justice\/article-29\/structure\/data-protection-authorities\/index_en.htm\">http:\/\/ec.europa.eu\/justice\/article-29\/structure\/data-protection-authorities\/index_en.htm<\/a><\/p>\n<ol start=\"8\">\n<li><strong>Automatic Decision Making<\/strong><\/li>\n<\/ol>\n<p>Bart Maes does not make decisions about matters that can have (significant) consequences for customers (persons) based on automated processing systems. By this we mean that a decision is never made by computer programs, without a person, an Bart Maes employee for example, authorising the decision.<\/p>\n<ol start=\"9\">\n<li><strong>Security<\/strong><\/li>\n<\/ol>\n<p>Bart Maes takes the security of your personal data very seriously and takes the appropriate measures to prevent misuse, loss, unauthorized access, unwanted disclosure and unauthorized modification. If you feel that your data is not properly secured or there are indications of abuse, please contact our customer service via\u00a0<a href=\"mailto:gdpr@amanprana.eu\">info@bartmaes.eu<\/a><\/p>\n<ol start=\"10\">\n<li><strong>Changes to This Privacy Policy<\/strong><\/li>\n<\/ol>\n<p>Bart Maes reserves the right to periodically adjust or update this privacy policy. We advise our visitors to regularly consult this privacy policy so that you are aware of any changes.<\/p>\n<ol start=\"11\">\n<li><strong>Contact Details<\/strong><\/li>\n<\/ol>\n<p>Bart Maes<br \/>\nBaillet Latourlei 97<br \/>\nB-2930 BRASSCHAAT<br \/>\nEmail: <a href=\"mailto:bart.maes@bartmaes.tk\">info@bartmaes.eu<\/a><br \/>\n<a href=\"https:\/\/www.bartmaes.eu\/\">https:\/\/www.bartmaes.eu<\/a><\/p>\n<p>Bart Maes is responsible for the processing of personal data as shown in this privacy statement.<\/p>\n<p>This privacy statement was last edited on 17\/10\/2019.<\/p>\n<\/div><div class=\"fusion-clearfix\"><\/div><\/div><\/div><\/div><\/div>\n","protected":false},"excerpt":{"rendered":"","protected":false},"author":6,"featured_media":0,"parent":0,"menu_order":0,"comment_status":"closed","ping_status":"closed","template":"","meta":{"footnotes":""},"yoast_head":"<!-- This site is optimized with the Yoast SEO plugin v19.13 - https:\/\/yoast.com\/wordpress\/plugins\/seo\/ -->\n<title>Vous pouvez consulter la politique de confidentialit\u00e9 de bartmaes.eu ici<\/title>\n<meta name=\"description\" content=\"Vous pouvez lire ce qui se passe avec vos donn\u00e9es lorsque vous visitez mon site Web dans notre politique de confidentialit\u00e9. Si vous avez encore des questions, vous pouvez me contacter.\" \/>\n<meta name=\"robots\" content=\"index, follow, max-snippet:-1, max-image-preview:large, max-video-preview:-1\" \/>\n<link rel=\"canonical\" href=\"https:\/\/www.bartmaes.eu\/fr\/privacy-policy\/\" \/>\n<meta property=\"og:locale\" content=\"fr_FR\" \/>\n<meta property=\"og:type\" content=\"article\" \/>\n<meta property=\"og:title\" content=\"Vous pouvez consulter la politique de confidentialit\u00e9 de bartmaes.eu ici\" \/>\n<meta property=\"og:description\" content=\"Vous pouvez lire ce qui se passe avec vos donn\u00e9es lorsque vous visitez mon site Web dans notre politique de confidentialit\u00e9. Si vous avez encore des questions, vous pouvez me contacter.\" \/>\n<meta property=\"og:url\" content=\"https:\/\/www.bartmaes.eu\/fr\/privacy-policy\/\" \/>\n<meta property=\"og:site_name\" content=\"Bart Maes\" \/>\n<meta property=\"article:modified_time\" content=\"2020-04-22T07:19:37+00:00\" \/>\n<meta name=\"twitter:card\" content=\"summary_large_image\" \/>\n<script type=\"application\/ld+json\" class=\"yoast-schema-graph\">{\"@context\":\"https:\/\/schema.org\",\"@graph\":[{\"@type\":\"WebPage\",\"@id\":\"https:\/\/www.bartmaes.eu\/fr\/privacy-policy\/\",\"url\":\"https:\/\/www.bartmaes.eu\/fr\/privacy-policy\/\",\"name\":\"Vous pouvez consulter la politique de confidentialit\u00e9 de bartmaes.eu ici\",\"isPartOf\":{\"@id\":\"https:\/\/www.bartmaes.eu\/fr\/#website\"},\"datePublished\":\"2018-05-28T13:45:00+00:00\",\"dateModified\":\"2020-04-22T07:19:37+00:00\",\"description\":\"Vous pouvez lire ce qui se passe avec vos donn\u00e9es lorsque vous visitez mon site Web dans notre politique de confidentialit\u00e9. Si vous avez encore des questions, vous pouvez me contacter.\",\"breadcrumb\":{\"@id\":\"https:\/\/www.bartmaes.eu\/fr\/privacy-policy\/#breadcrumb\"},\"inLanguage\":\"fr-FR\",\"potentialAction\":[{\"@type\":\"ReadAction\",\"target\":[\"https:\/\/www.bartmaes.eu\/fr\/privacy-policy\/\"]}]},{\"@type\":\"BreadcrumbList\",\"@id\":\"https:\/\/www.bartmaes.eu\/fr\/privacy-policy\/#breadcrumb\",\"itemListElement\":[{\"@type\":\"ListItem\",\"position\":1,\"name\":\"Home\",\"item\":\"https:\/\/www.bartmaes.eu\/fr\/\"},{\"@type\":\"ListItem\",\"position\":2,\"name\":\"Privacy policy\"}]},{\"@type\":\"WebSite\",\"@id\":\"https:\/\/www.bartmaes.eu\/fr\/#website\",\"url\":\"https:\/\/www.bartmaes.eu\/fr\/\",\"name\":\"Bart Maes\",\"description\":\"Freedom of Health\",\"publisher\":{\"@id\":\"https:\/\/www.bartmaes.eu\/fr\/#\/schema\/person\/494aac885bbf4cdfe56659fdabd4e59a\"},\"potentialAction\":[{\"@type\":\"SearchAction\",\"target\":{\"@type\":\"EntryPoint\",\"urlTemplate\":\"https:\/\/www.bartmaes.eu\/fr\/?s={search_term_string}\"},\"query-input\":\"required name=search_term_string\"}],\"inLanguage\":\"fr-FR\"},{\"@type\":[\"Person\",\"Organization\"],\"@id\":\"https:\/\/www.bartmaes.eu\/fr\/#\/schema\/person\/494aac885bbf4cdfe56659fdabd4e59a\",\"name\":\"Bart Maes\",\"image\":{\"@type\":\"ImageObject\",\"inLanguage\":\"fr-FR\",\"@id\":\"https:\/\/www.bartmaes.eu\/fr\/#\/schema\/person\/image\/\",\"url\":\"https:\/\/www.bartmaes.eu\/wp-content\/uploads\/2020\/09\/Bart-Maes-is-de-Bio-Veggie-Man.png\",\"contentUrl\":\"https:\/\/www.bartmaes.eu\/wp-content\/uploads\/2020\/09\/Bart-Maes-is-de-Bio-Veggie-Man.png\",\"width\":600,\"height\":800,\"caption\":\"Bart Maes\"},\"logo\":{\"@id\":\"https:\/\/www.bartmaes.eu\/fr\/#\/schema\/person\/image\/\"}}]}<\/script>\n<!-- \/ Yoast SEO plugin. -->","yoast_head_json":{"title":"Vous pouvez consulter la politique de confidentialit\u00e9 de bartmaes.eu ici","description":"Vous pouvez lire ce qui se passe avec vos donn\u00e9es lorsque vous visitez mon site Web dans notre politique de confidentialit\u00e9. Si vous avez encore des questions, vous pouvez me contacter.","robots":{"index":"index","follow":"follow","max-snippet":"max-snippet:-1","max-image-preview":"max-image-preview:large","max-video-preview":"max-video-preview:-1"},"canonical":"https:\/\/www.bartmaes.eu\/fr\/privacy-policy\/","og_locale":"fr_FR","og_type":"article","og_title":"Vous pouvez consulter la politique de confidentialit\u00e9 de bartmaes.eu ici","og_description":"Vous pouvez lire ce qui se passe avec vos donn\u00e9es lorsque vous visitez mon site Web dans notre politique de confidentialit\u00e9. Si vous avez encore des questions, vous pouvez me contacter.","og_url":"https:\/\/www.bartmaes.eu\/fr\/privacy-policy\/","og_site_name":"Bart Maes","article_modified_time":"2020-04-22T07:19:37+00:00","twitter_card":"summary_large_image","schema":{"@context":"https:\/\/schema.org","@graph":[{"@type":"WebPage","@id":"https:\/\/www.bartmaes.eu\/fr\/privacy-policy\/","url":"https:\/\/www.bartmaes.eu\/fr\/privacy-policy\/","name":"Vous pouvez consulter la politique de confidentialit\u00e9 de bartmaes.eu ici","isPartOf":{"@id":"https:\/\/www.bartmaes.eu\/fr\/#website"},"datePublished":"2018-05-28T13:45:00+00:00","dateModified":"2020-04-22T07:19:37+00:00","description":"Vous pouvez lire ce qui se passe avec vos donn\u00e9es lorsque vous visitez mon site Web dans notre politique de confidentialit\u00e9. Si vous avez encore des questions, vous pouvez me contacter.","breadcrumb":{"@id":"https:\/\/www.bartmaes.eu\/fr\/privacy-policy\/#breadcrumb"},"inLanguage":"fr-FR","potentialAction":[{"@type":"ReadAction","target":["https:\/\/www.bartmaes.eu\/fr\/privacy-policy\/"]}]},{"@type":"BreadcrumbList","@id":"https:\/\/www.bartmaes.eu\/fr\/privacy-policy\/#breadcrumb","itemListElement":[{"@type":"ListItem","position":1,"name":"Home","item":"https:\/\/www.bartmaes.eu\/fr\/"},{"@type":"ListItem","position":2,"name":"Privacy policy"}]},{"@type":"WebSite","@id":"https:\/\/www.bartmaes.eu\/fr\/#website","url":"https:\/\/www.bartmaes.eu\/fr\/","name":"Bart Maes","description":"Freedom of Health","publisher":{"@id":"https:\/\/www.bartmaes.eu\/fr\/#\/schema\/person\/494aac885bbf4cdfe56659fdabd4e59a"},"potentialAction":[{"@type":"SearchAction","target":{"@type":"EntryPoint","urlTemplate":"https:\/\/www.bartmaes.eu\/fr\/?s={search_term_string}"},"query-input":"required name=search_term_string"}],"inLanguage":"fr-FR"},{"@type":["Person","Organization"],"@id":"https:\/\/www.bartmaes.eu\/fr\/#\/schema\/person\/494aac885bbf4cdfe56659fdabd4e59a","name":"Bart Maes","image":{"@type":"ImageObject","inLanguage":"fr-FR","@id":"https:\/\/www.bartmaes.eu\/fr\/#\/schema\/person\/image\/","url":"https:\/\/www.bartmaes.eu\/wp-content\/uploads\/2020\/09\/Bart-Maes-is-de-Bio-Veggie-Man.png","contentUrl":"https:\/\/www.bartmaes.eu\/wp-content\/uploads\/2020\/09\/Bart-Maes-is-de-Bio-Veggie-Man.png","width":600,"height":800,"caption":"Bart Maes"},"logo":{"@id":"https:\/\/www.bartmaes.eu\/fr\/#\/schema\/person\/image\/"}}]}},"_links":{"self":[{"href":"https:\/\/www.bartmaes.eu\/fr\/wp-json\/wp\/v2\/pages\/1270"}],"collection":[{"href":"https:\/\/www.bartmaes.eu\/fr\/wp-json\/wp\/v2\/pages"}],"about":[{"href":"https:\/\/www.bartmaes.eu\/fr\/wp-json\/wp\/v2\/types\/page"}],"author":[{"embeddable":true,"href":"https:\/\/www.bartmaes.eu\/fr\/wp-json\/wp\/v2\/users\/6"}],"replies":[{"embeddable":true,"href":"https:\/\/www.bartmaes.eu\/fr\/wp-json\/wp\/v2\/comments?post=1270"}],"version-history":[{"count":0,"href":"https:\/\/www.bartmaes.eu\/fr\/wp-json\/wp\/v2\/pages\/1270\/revisions"}],"wp:attachment":[{"href":"https:\/\/www.bartmaes.eu\/fr\/wp-json\/wp\/v2\/media?parent=1270"}],"curies":[{"name":"wp","href":"https:\/\/api.w.org\/{rel}","templated":true}]}}