{"id":2314,"date":"2019-02-07T18:01:33","date_gmt":"2019-02-07T17:01:33","guid":{"rendered":"https:\/\/www.bartmaes.eu\/nieuwsbrief\/"},"modified":"2019-10-17T14:07:36","modified_gmt":"2019-10-17T12:07:36","slug":"newsletter","status":"publish","type":"page","link":"https:\/\/www.bartmaes.eu\/de\/newsletter\/","title":{"rendered":"Newsletter"},"content":{"rendered":"<p><div class=\"fusion-fullwidth fullwidth-box fusion-builder-row-1 nonhundred-percent-fullwidth non-hundred-percent-height-scrolling\" style=\"background-color: rgba(255,255,255,0);background-position: center center;background-repeat: no-repeat;padding-top:0px;padding-right:0px;padding-bottom:0px;padding-left:0px;margin-bottom: 0px;margin-top: 0px;border-width: 0px 0px 0px 0px;border-color:#eae9e9;border-style:solid;\" ><div class=\"fusion-builder-row fusion-row\"><div class=\"fusion-layout-column fusion_builder_column fusion-builder-column-0 fusion_builder_column_1_1 1_1 fusion-one-full fusion-column-first fusion-column-last\" style=\"margin-top:0px;margin-bottom:20px;\"><div class=\"fusion-column-wrapper fusion-flex-column-wrapper-legacy\" style=\"background-position:left top;background-repeat:no-repeat;-webkit-background-size:cover;-moz-background-size:cover;-o-background-size:cover;background-size:cover;padding: 0px 0px 0px 0px;\"><div class=\"fusion-text fusion-text-1\"><h2 style=\"text-align: left;\">Erhalten Sie den Freedom-of-Health-Newsletter in Ihrer Mailbox:<\/h2>\n<p>Der Freedom-of-Health-Newsletter besch\u00e4ftigt sich mit Ihrer Gesundheit. Erg\u00e4nzt mit Informationen &#038; n\u00fctzlichen Tipps. Registrieren Sie sich jetzt f\u00fcr unseren Newsletter, wir halten Sie auf dem Laufenden und verpassen nie wieder etwas. Ihre Daten werden sicher gespeichert und k\u00f6nnen jederzeit abbestellt werden.<\/p>\n<\/div><div class=\"fusion-clearfix\"><\/div><\/div><\/div><\/div><\/div><div class=\"fusion-fullwidth fullwidth-box fusion-builder-row-2 nonhundred-percent-fullwidth non-hundred-percent-height-scrolling\" style=\"background-color: rgba(255,255,255,0);background-position: center center;background-repeat: no-repeat;padding-top:0px;padding-right:0px;padding-bottom:0px;padding-left:0px;margin-bottom: 0px;margin-top: 0px;border-width: 0px 0px 0px 0px;border-color:#eae9e9;border-style:solid;\" ><div class=\"fusion-builder-row fusion-row\"><div class=\"fusion-layout-column fusion_builder_column fusion-builder-column-1 fusion_builder_column_1_2 1_2 fusion-one-half fusion-column-first\" style=\"width:50%;width:calc(50% - ( ( 4% ) * 0.5 ) );margin-right: 4%;margin-top:0px;margin-bottom:20px;\"><div class=\"fusion-column-wrapper fusion-flex-column-wrapper-legacy\" style=\"background-position:left top;background-repeat:no-repeat;-webkit-background-size:cover;-moz-background-size:cover;-o-background-size:cover;background-size:cover;padding: 0px 0px 0px 0px;\"><h3>Abonnieren Sie unseren Newsletter<\/h3>\r\n<!-- Begin Mailchimp Signup Form -->\r\n<link href=\"\/\/cdn-images.mailchimp.com\/embedcode\/classic-10_7.css\" rel=\"stylesheet\" type=\"text\/css\">\r\n<style type=\"text\/css\">\r\n\t#mc_embed_signup{background:#fff; clear:left; font:16px 'Raleway',sans-serif; }\r\n<\/style>\r\n<style type=\"text\/css\">\r\n\t#mc-embedded-subscribe-form input[type=checkbox]{display: inline; width: auto;margin-right: 10px;}\r\n\t#mergeRow-gdpr {margin-top: 20px;}\r\n\t#mergeRow-gdpr fieldset label {font-weight: normal;}\r\n\t#mc-embedded-subscribe-form .mc_fieldset{border:none;min-height: 0px;padding-bottom:0px;}\r\n<\/style>\r\n<div id=\"mc_embed_signup\">\r\n<form action=\"https:\/\/freedomofhealth.us20.list-manage.com\/subscribe\/post?u=b51af0bd35cb851b51ec2220e&id=d0823161bc\" method=\"post\" id=\"mc-embedded-subscribe-form\" name=\"mc-embedded-subscribe-form\" class=\"validate\" target=\"_blank\" novalidate>\r\n    <div id=\"mc_embed_signup_scroll\">\r\n<div class=\"indicates-required\"><span class=\"asterisk\">*<\/span> Pflichtfelder<\/div>\r\n<div class=\"mc-field-group\">\r\n\t<label for=\"mce-EMAIL\">E-Mail-Adresse <span class=\"asterisk\">*<\/span>\r\n<\/label>\r\n\t<input type=\"email\" value=\"\" name=\"EMAIL\" class=\"required email\" id=\"mce-EMAIL\">\r\n<\/div>\r\n<div class=\"mc-field-group\">\r\n\t<label for=\"mce-FNAME\">Vorname <\/label>\r\n\t<input type=\"text\" value=\"\" name=\"FNAME\" class=\"\" id=\"mce-FNAME\">\r\n<\/div>\r\n<div class=\"mc-field-group\">\r\n\t<label for=\"mce-LNAME\">Nachname <\/label>\r\n\t<input type=\"text\" value=\"\" name=\"LNAME\" class=\"\" id=\"mce-LNAME\">\r\n<\/div>\r\n<div id=\"mergeRow-gdpr\" class=\"mergeRow gdpr-mergeRow content__gdprBlock mc-field-group\">\r\n    <div class=\"content__gdpr\">\r\n        <p><b>Freedom Of Health verwendet die oben genannten Informationen nur zum Versenden von Newslettern.<\/b><\/p>\r\n        <p>Sie k\u00f6nnen den Newsletter jederzeit abbestellen, indem Sie auf den Link in der Fu\u00dfzeile unserer Mailings klicken. Informationen zu unseren Datenschutzbestimmungen finden Sie auf unserer Website.<\/p>\r\n       <h4>Erlaubnis<\/h4>\r\n        <fieldset class=\"mc_fieldset gdprRequired mc-field-group\" name=\"interestgroup_field\">\r\n\t\t<label class=\"checkbox subfield\" for=\"gdpr_3509\"><input type=\"checkbox\" id=\"gdpr_3509\" name=\"gdpr[3509]\" value=\"Y\" class=\"av-checkbox gdpr\"><span>Ich bin damit einverstanden, meine Daten mit dem Ziel zu verarbeiten, Newsletter von Freedom Of Health zu erhalten<\/span><\/label>\r\n        <\/fieldset>\r\n    <\/div>\r\n    <div class=\"content__gdprLegal\">\r\n \t\t<p>Wir nutzen Mailchimp als Marketingplattform. Indem Sie zum Abonnieren unten klicken, best\u00e4tigen Sie, dass Ihre Daten zur Verarbeitung an Mailchimp \u00fcbertragen werden. <a href=\"https:\/\/mailchimp.com\/legal\/\" target=\"_blank\">Weitere Informationen zu den Datenschutzbestimmungen von Mailchimp finden Sie hier. <\/a> <\/p>    <\/div>\r\n<\/div>\r\n\t<div id=\"mce-responses\" class=\"clear\">\r\n\t\t<div class=\"response\" id=\"mce-error-response\" style=\"display:none\"><\/div>\r\n\t\t<div class=\"response\" id=\"mce-success-response\" style=\"display:none\"><\/div>\r\n\t<\/div>    <!-- real people should not fill this in and expect good things - do not remove this or risk form bot signups-->\r\n    <div style=\"position: absolute; left: -5000px;\" aria-hidden=\"true\"><input type=\"text\" name=\"b_b51af0bd35cb851b51ec2220e_d0823161bc\" tabindex=\"-1\" value=\"\"><\/div>\r\n    <div class=\"clear\"><input type=\"submit\" value=\"Melde dich an\" name=\"subscribe\" id=\"mc-embedded-subscribe\" class=\"button\"><\/div>\r\n    <\/div>\r\n<\/form>\r\n<\/div>\r\n\r\n<!--End mc_embed_signup--><div class=\"fusion-clearfix\"><\/div><\/div><\/div><div class=\"fusion-layout-column fusion_builder_column fusion-builder-column-2 fusion_builder_column_1_2 1_2 fusion-one-half fusion-column-last\" style=\"width:50%;width:calc(50% - ( ( 4% ) * 0.5 ) );margin-top:0px;margin-bottom:20px;\"><div class=\"fusion-column-wrapper fusion-flex-column-wrapper-legacy\" style=\"background-position:left top;background-repeat:no-repeat;-webkit-background-size:cover;-moz-background-size:cover;-o-background-size:cover;background-size:cover;padding: 0px 0px 0px 0px;\"><h3>Bereits ver\u00f6ffentlichte Newsletter:<\/h3><style type=\"text\/css\">\r\n<!--\r\n.display_archive {font-family: 'Raleway'; font-size: 16px;}\r\n.campaign {line-height: 125%; margin: 5px;}\r\n\/\/-->\r\n<\/style>\r\n\r\n<script language=\"javascript\" src=\"\/\/freedomofhealth.us20.list-manage.com\/generate-js\/?u=b51af0bd35cb851b51ec2220e&fid=585&show=10\" type=\"text\/javascript\"><\/script><div class=\"fusion-clearfix\"><\/div><\/div><\/div><\/div><\/div><\/p>\n","protected":false},"excerpt":{"rendered":"","protected":false},"author":5,"featured_media":0,"parent":0,"menu_order":0,"comment_status":"closed","ping_status":"closed","template":"","meta":{"footnotes":""},"yoast_head":"<!-- This site is optimized with the Yoast SEO plugin v19.13 - https:\/\/yoast.com\/wordpress\/plugins\/seo\/ -->\n<title>Registrieren Sie sich f\u00fcr die Newsletter - Bart Maes<\/title>\n<meta name=\"description\" content=\"Erhalten Sie den Freedom-of-Health-Newsletter in Ihrer Mailbox. Der Freedom-of-Health-Newsletter befasst sich mit Ihrer Gesundheit. Erg\u00e4nzt mit Informationen und n\u00fctzlichen Tipps.\" \/>\n<meta name=\"robots\" content=\"index, follow, max-snippet:-1, max-image-preview:large, max-video-preview:-1\" \/>\n<link rel=\"canonical\" href=\"https:\/\/www.bartmaes.eu\/de\/newsletter\/\" \/>\n<meta property=\"og:locale\" content=\"de_DE\" \/>\n<meta property=\"og:type\" content=\"article\" \/>\n<meta property=\"og:title\" content=\"Registrieren Sie sich f\u00fcr die Newsletter - Bart Maes\" \/>\n<meta property=\"og:description\" content=\"Erhalten Sie den Freedom-of-Health-Newsletter in Ihrer Mailbox. Der Freedom-of-Health-Newsletter befasst sich mit Ihrer Gesundheit. Erg\u00e4nzt mit Informationen und n\u00fctzlichen Tipps.\" \/>\n<meta property=\"og:url\" content=\"https:\/\/www.bartmaes.eu\/de\/newsletter\/\" \/>\n<meta property=\"og:site_name\" content=\"Bart Maes\" \/>\n<meta property=\"article:modified_time\" content=\"2019-10-17T12:07:36+00:00\" \/>\n<meta name=\"twitter:card\" content=\"summary_large_image\" \/>\n<script type=\"application\/ld+json\" class=\"yoast-schema-graph\">{\"@context\":\"https:\/\/schema.org\",\"@graph\":[{\"@type\":\"WebPage\",\"@id\":\"https:\/\/www.bartmaes.eu\/de\/newsletter\/\",\"url\":\"https:\/\/www.bartmaes.eu\/de\/newsletter\/\",\"name\":\"Registrieren Sie sich f\u00fcr die Newsletter - Bart Maes\",\"isPartOf\":{\"@id\":\"https:\/\/www.bartmaes.eu\/de\/#website\"},\"datePublished\":\"2019-02-07T17:01:33+00:00\",\"dateModified\":\"2019-10-17T12:07:36+00:00\",\"description\":\"Erhalten Sie den Freedom-of-Health-Newsletter in Ihrer Mailbox. Der Freedom-of-Health-Newsletter befasst sich mit Ihrer Gesundheit. Erg\u00e4nzt mit Informationen und n\u00fctzlichen Tipps.\",\"breadcrumb\":{\"@id\":\"https:\/\/www.bartmaes.eu\/de\/newsletter\/#breadcrumb\"},\"inLanguage\":\"de\",\"potentialAction\":[{\"@type\":\"ReadAction\",\"target\":[\"https:\/\/www.bartmaes.eu\/de\/newsletter\/\"]}]},{\"@type\":\"BreadcrumbList\",\"@id\":\"https:\/\/www.bartmaes.eu\/de\/newsletter\/#breadcrumb\",\"itemListElement\":[{\"@type\":\"ListItem\",\"position\":1,\"name\":\"Home\",\"item\":\"https:\/\/www.bartmaes.eu\/de\/\"},{\"@type\":\"ListItem\",\"position\":2,\"name\":\"Newsletter\"}]},{\"@type\":\"WebSite\",\"@id\":\"https:\/\/www.bartmaes.eu\/de\/#website\",\"url\":\"https:\/\/www.bartmaes.eu\/de\/\",\"name\":\"Bart Maes\",\"description\":\"Freedom of Health\",\"publisher\":{\"@id\":\"https:\/\/www.bartmaes.eu\/de\/#\/schema\/person\/494aac885bbf4cdfe56659fdabd4e59a\"},\"potentialAction\":[{\"@type\":\"SearchAction\",\"target\":{\"@type\":\"EntryPoint\",\"urlTemplate\":\"https:\/\/www.bartmaes.eu\/de\/?s={search_term_string}\"},\"query-input\":\"required name=search_term_string\"}],\"inLanguage\":\"de\"},{\"@type\":[\"Person\",\"Organization\"],\"@id\":\"https:\/\/www.bartmaes.eu\/de\/#\/schema\/person\/494aac885bbf4cdfe56659fdabd4e59a\",\"name\":\"Bart Maes\",\"image\":{\"@type\":\"ImageObject\",\"inLanguage\":\"de\",\"@id\":\"https:\/\/www.bartmaes.eu\/de\/#\/schema\/person\/image\/\",\"url\":\"https:\/\/www.bartmaes.eu\/wp-content\/uploads\/2020\/09\/Bart-Maes-is-de-Bio-Veggie-Man.png\",\"contentUrl\":\"https:\/\/www.bartmaes.eu\/wp-content\/uploads\/2020\/09\/Bart-Maes-is-de-Bio-Veggie-Man.png\",\"width\":600,\"height\":800,\"caption\":\"Bart Maes\"},\"logo\":{\"@id\":\"https:\/\/www.bartmaes.eu\/de\/#\/schema\/person\/image\/\"}}]}<\/script>\n<!-- \/ Yoast SEO plugin. -->","yoast_head_json":{"title":"Registrieren Sie sich f\u00fcr die Newsletter - Bart Maes","description":"Erhalten Sie den Freedom-of-Health-Newsletter in Ihrer Mailbox. Der Freedom-of-Health-Newsletter befasst sich mit Ihrer Gesundheit. Erg\u00e4nzt mit Informationen und n\u00fctzlichen Tipps.","robots":{"index":"index","follow":"follow","max-snippet":"max-snippet:-1","max-image-preview":"max-image-preview:large","max-video-preview":"max-video-preview:-1"},"canonical":"https:\/\/www.bartmaes.eu\/de\/newsletter\/","og_locale":"de_DE","og_type":"article","og_title":"Registrieren Sie sich f\u00fcr die Newsletter - Bart Maes","og_description":"Erhalten Sie den Freedom-of-Health-Newsletter in Ihrer Mailbox. Der Freedom-of-Health-Newsletter befasst sich mit Ihrer Gesundheit. Erg\u00e4nzt mit Informationen und n\u00fctzlichen Tipps.","og_url":"https:\/\/www.bartmaes.eu\/de\/newsletter\/","og_site_name":"Bart Maes","article_modified_time":"2019-10-17T12:07:36+00:00","twitter_card":"summary_large_image","schema":{"@context":"https:\/\/schema.org","@graph":[{"@type":"WebPage","@id":"https:\/\/www.bartmaes.eu\/de\/newsletter\/","url":"https:\/\/www.bartmaes.eu\/de\/newsletter\/","name":"Registrieren Sie sich f\u00fcr die Newsletter - Bart Maes","isPartOf":{"@id":"https:\/\/www.bartmaes.eu\/de\/#website"},"datePublished":"2019-02-07T17:01:33+00:00","dateModified":"2019-10-17T12:07:36+00:00","description":"Erhalten Sie den Freedom-of-Health-Newsletter in Ihrer Mailbox. Der Freedom-of-Health-Newsletter befasst sich mit Ihrer Gesundheit. Erg\u00e4nzt mit Informationen und n\u00fctzlichen Tipps.","breadcrumb":{"@id":"https:\/\/www.bartmaes.eu\/de\/newsletter\/#breadcrumb"},"inLanguage":"de","potentialAction":[{"@type":"ReadAction","target":["https:\/\/www.bartmaes.eu\/de\/newsletter\/"]}]},{"@type":"BreadcrumbList","@id":"https:\/\/www.bartmaes.eu\/de\/newsletter\/#breadcrumb","itemListElement":[{"@type":"ListItem","position":1,"name":"Home","item":"https:\/\/www.bartmaes.eu\/de\/"},{"@type":"ListItem","position":2,"name":"Newsletter"}]},{"@type":"WebSite","@id":"https:\/\/www.bartmaes.eu\/de\/#website","url":"https:\/\/www.bartmaes.eu\/de\/","name":"Bart Maes","description":"Freedom of Health","publisher":{"@id":"https:\/\/www.bartmaes.eu\/de\/#\/schema\/person\/494aac885bbf4cdfe56659fdabd4e59a"},"potentialAction":[{"@type":"SearchAction","target":{"@type":"EntryPoint","urlTemplate":"https:\/\/www.bartmaes.eu\/de\/?s={search_term_string}"},"query-input":"required name=search_term_string"}],"inLanguage":"de"},{"@type":["Person","Organization"],"@id":"https:\/\/www.bartmaes.eu\/de\/#\/schema\/person\/494aac885bbf4cdfe56659fdabd4e59a","name":"Bart Maes","image":{"@type":"ImageObject","inLanguage":"de","@id":"https:\/\/www.bartmaes.eu\/de\/#\/schema\/person\/image\/","url":"https:\/\/www.bartmaes.eu\/wp-content\/uploads\/2020\/09\/Bart-Maes-is-de-Bio-Veggie-Man.png","contentUrl":"https:\/\/www.bartmaes.eu\/wp-content\/uploads\/2020\/09\/Bart-Maes-is-de-Bio-Veggie-Man.png","width":600,"height":800,"caption":"Bart Maes"},"logo":{"@id":"https:\/\/www.bartmaes.eu\/de\/#\/schema\/person\/image\/"}}]}},"_links":{"self":[{"href":"https:\/\/www.bartmaes.eu\/de\/wp-json\/wp\/v2\/pages\/2314"}],"collection":[{"href":"https:\/\/www.bartmaes.eu\/de\/wp-json\/wp\/v2\/pages"}],"about":[{"href":"https:\/\/www.bartmaes.eu\/de\/wp-json\/wp\/v2\/types\/page"}],"author":[{"embeddable":true,"href":"https:\/\/www.bartmaes.eu\/de\/wp-json\/wp\/v2\/users\/5"}],"replies":[{"embeddable":true,"href":"https:\/\/www.bartmaes.eu\/de\/wp-json\/wp\/v2\/comments?post=2314"}],"version-history":[{"count":0,"href":"https:\/\/www.bartmaes.eu\/de\/wp-json\/wp\/v2\/pages\/2314\/revisions"}],"wp:attachment":[{"href":"https:\/\/www.bartmaes.eu\/de\/wp-json\/wp\/v2\/media?parent=2314"}],"curies":[{"name":"wp","href":"https:\/\/api.w.org\/{rel}","templated":true}]}}